{"id":40,"date":"2016-03-21T21:29:05","date_gmt":"2016-03-21T20:29:05","guid":{"rendered":"https:\/\/ogp-trackday.de\/?page_id=40"},"modified":"2025-03-05T15:56:14","modified_gmt":"2025-03-05T14:56:14","slug":"kontakt","status":"publish","type":"page","link":"https:\/\/ogp-trackday.de\/en\/kontakt\/","title":{"rendered":"Contact"},"content":{"rendered":"<div class=\"left\">\n<h2>Organizer:<\/h2>\n<p><img loading=\"lazy\" decoding=\"async\" class=\"alignnone wp-image-9277 size-medium\" src=\"https:\/\/ogp-trackday.de\/wp-content\/uploads\/2024\/03\/bratke_logo_www.bratke.de_-300x89.png\" alt=\"\" width=\"300\" height=\"89\" srcset=\"https:\/\/ogp-trackday.de\/wp-content\/uploads\/2024\/03\/bratke_logo_www.bratke.de_-300x89.png 300w, https:\/\/ogp-trackday.de\/wp-content\/uploads\/2024\/03\/bratke_logo_www.bratke.de_-768x227.png 768w, https:\/\/ogp-trackday.de\/wp-content\/uploads\/2024\/03\/bratke_logo_www.bratke.de_-600x178.png 600w, https:\/\/ogp-trackday.de\/wp-content\/uploads\/2024\/03\/bratke_logo_www.bratke.de_.png 1000w\" sizes=\"auto, (max-width: 300px) 100vw, 300px\" \/><\/p>\n<p><strong>Bratke GmbH und Co. KG<\/strong><br \/>\nin der Classic Remise D\u00fcsseldorf<br \/>\nHarffstrasse 110a<br \/>\n40591 D\u00fcsseldorf<\/p>\n<p>J\u00f6rg Bratke von Bergen<br \/>\ninfo@ogp-trackday.de<br \/>\nMobil: 0172 \/ 7186 266<\/p>\n<\/div>\n<div class=\"center\">\n<h2>Operator:<\/h2>\n<table>\n<tbody>\n<tr>\n<td class=\"brand\"><img loading=\"lazy\" decoding=\"async\" class=\"alignnone size-medium wp-image-785\" src=\"https:\/\/ogp-trackday.de\/wp-content\/uploads\/2016\/03\/AvD-OGP-Logo-2017-schwarz-01-300x164.png\" alt=\"\" width=\"300\" height=\"164\" srcset=\"https:\/\/ogp-trackday.de\/wp-content\/uploads\/2016\/03\/AvD-OGP-Logo-2017-schwarz-01-300x164.png 300w, https:\/\/ogp-trackday.de\/wp-content\/uploads\/2016\/03\/AvD-OGP-Logo-2017-schwarz-01-768x419.png 768w, https:\/\/ogp-trackday.de\/wp-content\/uploads\/2016\/03\/AvD-OGP-Logo-2017-schwarz-01-1024x559.png 1024w, https:\/\/ogp-trackday.de\/wp-content\/uploads\/2016\/03\/AvD-OGP-Logo-2017-schwarz-01.png 1731w\" sizes=\"auto, (max-width: 300px) 100vw, 300px\" \/><\/td>\n<td>AvD-Oldtimer-Grand-Prix GmbH und Co OHG<br \/>\naddress for correspondence: Goldsteinstra\u00dfe 237<br \/>\n60528 Frankfurt am Main<br \/>\nTel. 069 6606-345<br \/>\nE-Mail ogp@avd.de<\/td>\n<\/tr>\n<\/tbody>\n<\/table>\n<\/div>\n<div class=\"clear\">&nbsp;<\/div>\n","protected":false},"excerpt":{"rendered":"<p>Organizer: Bratke GmbH und Co. KG in der Classic Remise D\u00fcsseldorf Harffstrasse 110a 40591 D\u00fcsseldorf J\u00f6rg Bratke von Bergen info@ogp-trackday.de Mobil: 0172 \/ 7186 266 Operator: AvD-Oldtimer-Grand-Prix GmbH und Co OHG address for correspondence: Goldsteinstra\u00dfe 237 60528 Frankfurt am Main Tel. 069 6606-345 E-Mail ogp@avd.de &nbsp;<\/p>\n","protected":false},"author":1,"featured_media":157,"parent":0,"menu_order":0,"comment_status":"closed","ping_status":"closed","template":"","meta":{"footnotes":""},"class_list":["post-40","page","type-page","status-publish","has-post-thumbnail","hentry"],"translation":{"provider":"WPGlobus","version":"3.0.0","language":"en","enabled_languages":["de","en"],"languages":{"de":{"title":true,"content":true,"excerpt":false},"en":{"title":true,"content":true,"excerpt":false}}},"acf":[],"_links":{"self":[{"href":"https:\/\/ogp-trackday.de\/en\/wp-json\/wp\/v2\/pages\/40","targetHints":{"allow":["GET"]}}],"collection":[{"href":"https:\/\/ogp-trackday.de\/en\/wp-json\/wp\/v2\/pages"}],"about":[{"href":"https:\/\/ogp-trackday.de\/en\/wp-json\/wp\/v2\/types\/page"}],"author":[{"embeddable":true,"href":"https:\/\/ogp-trackday.de\/en\/wp-json\/wp\/v2\/users\/1"}],"replies":[{"embeddable":true,"href":"https:\/\/ogp-trackday.de\/en\/wp-json\/wp\/v2\/comments?post=40"}],"version-history":[{"count":74,"href":"https:\/\/ogp-trackday.de\/en\/wp-json\/wp\/v2\/pages\/40\/revisions"}],"predecessor-version":[{"id":10296,"href":"https:\/\/ogp-trackday.de\/en\/wp-json\/wp\/v2\/pages\/40\/revisions\/10296"}],"wp:featuredmedia":[{"embeddable":true,"href":"https:\/\/ogp-trackday.de\/en\/wp-json\/wp\/v2\/media\/157"}],"wp:attachment":[{"href":"https:\/\/ogp-trackday.de\/en\/wp-json\/wp\/v2\/media?parent=40"}],"curies":[{"name":"wp","href":"https:\/\/api.w.org\/{rel}","templated":true}]}}